{"id":906,"date":"2022-11-18T16:54:12","date_gmt":"2022-11-18T15:54:12","guid":{"rendered":"https:\/\/hanse.hu\/jogi-nyilatkozat\/"},"modified":"2022-11-28T11:03:05","modified_gmt":"2022-11-28T10:03:05","slug":"legal-disclaimer","status":"publish","type":"page","link":"https:\/\/hanse.hu\/en\/legal-disclaimer\/","title":{"rendered":"Legal Disclaimer"},"content":{"rendered":"<p>Azzal, hogy bel\u00e9p a hansehungaria.hu (hanse.hu, hanseyachts.hu) oldalra elfogadja az al\u00e1bbi felt\u00e9teleket, m\u00e9g abban az esetben is, ha nem regisztr\u00e1lt felhaszn\u00e1l\u00f3ja, el\u0151fizet\u0151je a rendszer egyik szolg\u00e1ltat\u00e1s\u00e1nak sem:<\/p>\n<p>Az oldalon tal\u00e1lhat\u00f3 tartalom a Hanse Hungaria Kft. szellemi tulajdona.<\/p>\n<p>A Hanse Hungaria Kft. fenntart minden, a lap b\u00e1rmely r\u00e9sz\u00e9nek b\u00e1rmilyen m\u00f3dszerrel, technik\u00e1val t\u00f6rt\u00e9n\u0151 m\u00e1sol\u00e1s\u00e1val \u00e9s terjeszt\u00e9s\u00e9vel kapcsolatos jogot. A laphoz tartoz\u00f3 oldalak tartalm\u00e1t \u00e9s kialak\u00edt\u00e1s\u00e1t nemzetk\u00f6zi \u00e9s magyar t\u00f6rv\u00e9nyek v\u00e9dik.<\/p>\n<p>A kiad\u00f3 el\u0151zetes \u00edr\u00e1sos hozz\u00e1j\u00e1rul\u00e1sa n\u00e9lk\u00fcl tilos a lap eg\u00e9sz\u00e9nek vagy r\u00e9szeinek (sz\u00f6veg, grafika, fot\u00f3, audio- vagy videoanyag, adatszerkezet, strukt\u00fara, elj\u00e1r\u00e1s, program stb.) feldolgoz\u00e1sa \u00e9s \u00e9rt\u00e9kes\u00edt\u00e9se. A lap tartalm\u00e1nak egyes r\u00e9szeit \u2013 kiz\u00e1r\u00f3lag saj\u00e1t felhaszn\u00e1l\u00e1s c\u00e9lj\u00e1b\u00f3l \u2013 merevlemez\u00e9re mentheti vagy kinyomtathatja, de ebben az esetben sem jogosult a lap \u00edgy t\u00f6bbsz\u00f6r\u00f6z\u00f6tt r\u00e9sz\u00e9nek tov\u00e1bbi felhaszn\u00e1l\u00e1s\u00e1ra, terjeszt\u00e9s\u00e9re, adatb\u00e1zisban t\u00f6rt\u00e9n\u0151 t\u00e1rol\u00e1s\u00e1ra, let\u00f6lthet\u0151v\u00e9 t\u00e9tel\u00e9re, kereskedelmi forgalomba hozatal\u00e1ra.<\/p>\n<p>A Hanse Hungaria Kft. oldalai teljes eg\u00e9sz\u00e9ben, a rekl\u00e1mokkal, hirdet\u00e9sekkel egy\u00fctt szerz\u0151i jogv\u00e9delem alatt \u00e1llnak, azokb\u00f3l b\u00e1rmely r\u00e9szt kiv\u00e1gni, a megcsonk\u00edtott r\u00e9szt pedig nyilv\u00e1noss\u00e1ghoz b\u00e1rmely m\u00f3don \u00fajrak\u00f6zvet\u00edteni tilos. Tilos tov\u00e1bb\u00e1 a kiad\u00f3 el\u0151zetes \u00edr\u00e1sbeli enged\u00e9lye n\u00e9lk\u00fcl a lap tartalm\u00e1t t\u00fckr\u00f6zni, azaz technikai m\u0171velet seg\u00edts\u00e9g\u00e9vel nyilv\u00e1noss\u00e1ghoz \u00fajrak\u00f6zvet\u00edteni, m\u00e9g v\u00e1ltozatlan form\u00e1ban is.<\/p>\n<p>A jogosulatlan felhaszn\u00e1l\u00e1s b\u00fcntet\u0151- \u00e9s polg\u00e1ri jogi k\u00f6vetkezm\u00e9nyeket von maga ut\u00e1n. A Hanse Hungaria Kft. k\u00f6vetelheti a jogs\u00e9rt\u00e9s abbahagy\u00e1s\u00e1t \u00e9s k\u00e1r\u00e1nak megt\u00e9r\u00edt\u00e9s\u00e9t.<\/p>\n<p>A lapt\u00f3l \u00e9rtes\u00fcl\u00e9seket \u00e1tvenni csak a lapra val\u00f3 hivatkoz\u00e1ssal lehet, azzal a felt\u00e9tellel, hogy az \u00e1tvev\u0151<\/p>\n<ol type=\"a\">\n<li>nem m\u00f3dos\u00edtja az eredeti inform\u00e1ci\u00f3t,<\/li>\n<li>a lapra utal\u00f3 egy\u00e9rtelm\u0171 hivatkoz\u00e1st minden k\u00f6zl\u00e9sn\u00e9l felt\u00fcnteti.<\/li>\n<\/ol>\n<p>A h\u00edr\u00fcgyn\u00f6ks\u00e9gek honlapunkon felhaszn\u00e1lt h\u00edrei \u00e9s fot\u00f3i szerz\u0151i jogv\u00e9delem alatt \u00e1llnak, a szem\u00e9lyes \u00e9s nem kereskedelmi felhaszn\u00e1l\u00e1s eseteinek kiv\u00e9tel\u00e9vel tilos azokat ak\u00e1r eredeti, ak\u00e1r \u00e1t\u00edrt form\u00e1ban b\u00e1rmilyen m\u00e9diumban k\u00f6z\u00f6lni, sug\u00e1rozni vagy tov\u00e1bbadni, r\u00e9szben vagy eg\u00e9szben sz\u00e1m\u00edt\u00f3g\u00e9pen t\u00e1rolni.<\/p>\n<p>A Hanse Hungaria Kft. pontos \u00e9s hiteles inform\u00e1ci\u00f3k k\u00f6zl\u00e9s\u00e9re t\u00f6rekszik, de a t\u00e1j\u00e9koztat\u00e1sb\u00f3l fakad\u00f3 esetleges k\u00e1rok\u00e9rt felel\u0151ss\u00e9get nem v\u00e1llal.<\/p>\n<p>&nbsp;<\/p>\n","protected":false},"excerpt":{"rendered":"<p>Azzal, hogy bel\u00e9p a hansehungaria.hu (hanse.hu, hanseyachts.hu) oldalra elfogadja az al\u00e1bbi felt\u00e9teleket, m\u00e9g abban az esetben is, ha nem regisztr\u00e1lt felhaszn\u00e1l\u00f3ja, el\u0151fizet\u0151je a rendszer egyik szolg\u00e1ltat\u00e1s\u00e1nak sem: Az oldalon tal\u00e1lhat\u00f3 tartalom a Hanse Hungaria Kft. szellemi tulajdona. A Hanse Hungaria Kft. fenntart minden, a lap b\u00e1rmely r\u00e9sz\u00e9nek b\u00e1rmilyen m\u00f3dszerrel, technik\u00e1val t\u00f6rt\u00e9n\u0151 m\u00e1sol\u00e1s\u00e1val \u00e9s terjeszt\u00e9s\u00e9vel kapcsolatos [&hellip;]<\/p>\n","protected":false},"author":1,"featured_media":0,"parent":0,"menu_order":0,"comment_status":"closed","ping_status":"closed","template":"","meta":{"footnotes":""},"class_list":["post-906","page","type-page","status-publish","hentry"],"yoast_head":"<!-- This site is optimized with the Yoast SEO plugin v19.10 - https:\/\/yoast.com\/wordpress\/plugins\/seo\/ -->\n<title>Legal Disclaimer - Hanse<\/title>\n<meta name=\"description\" content=\"Azzal, hogy bel\u00e9p a hansehungaria.hu (hanse.hu, hanseyachts.hu) oldalra elfogadja az al\u00e1bbi felt\u00e9teleket, m\u00e9g abban az esetben is, ha nem regisztr\u00e1lt\" \/>\n<meta name=\"robots\" content=\"index, follow, max-snippet:-1, max-image-preview:large, max-video-preview:-1\" \/>\n<link rel=\"canonical\" href=\"https:\/\/hanse.hu\/en\/legal-disclaimer\/\" \/>\n<meta property=\"og:locale\" content=\"en_US\" \/>\n<meta property=\"og:type\" content=\"article\" \/>\n<meta property=\"og:title\" content=\"Legal Disclaimer - Hanse\" \/>\n<meta property=\"og:description\" content=\"Azzal, hogy bel\u00e9p a hansehungaria.hu (hanse.hu, hanseyachts.hu) oldalra elfogadja az al\u00e1bbi felt\u00e9teleket, m\u00e9g abban az esetben is, ha nem regisztr\u00e1lt\" \/>\n<meta property=\"og:url\" content=\"https:\/\/hanse.hu\/en\/legal-disclaimer\/\" \/>\n<meta property=\"og:site_name\" content=\"Hanse\" \/>\n<meta property=\"article:publisher\" content=\"https:\/\/www.facebook.com\/HanseHungaria\" \/>\n<meta property=\"article:modified_time\" content=\"2022-11-28T10:03:05+00:00\" \/>\n<meta property=\"og:image\" content=\"https:\/\/hanse.hu\/uploads\/2023\/06\/Hanse_fb_share-1.jpg\" \/>\n\t<meta property=\"og:image:width\" content=\"1200\" \/>\n\t<meta property=\"og:image:height\" content=\"600\" \/>\n\t<meta property=\"og:image:type\" content=\"image\/jpeg\" \/>\n<meta name=\"twitter:card\" content=\"summary_large_image\" \/>\n<meta name=\"twitter:site\" content=\"@HanseYachts\" \/>\n<meta name=\"twitter:label1\" content=\"Est. reading time\" \/>\n\t<meta name=\"twitter:data1\" content=\"2 minutes\" \/>\n<script type=\"application\/ld+json\" class=\"yoast-schema-graph\">{\"@context\":\"https:\/\/schema.org\",\"@graph\":[{\"@type\":\"WebPage\",\"@id\":\"https:\/\/hanse.hu\/en\/legal-disclaimer\/\",\"url\":\"https:\/\/hanse.hu\/en\/legal-disclaimer\/\",\"name\":\"Legal Disclaimer - Hanse\",\"isPartOf\":{\"@id\":\"https:\/\/hanse.hu\/en\/#website\"},\"datePublished\":\"2022-11-18T15:54:12+00:00\",\"dateModified\":\"2022-11-28T10:03:05+00:00\",\"description\":\"Azzal, hogy bel\u00e9p a hansehungaria.hu (hanse.hu, hanseyachts.hu) oldalra elfogadja az al\u00e1bbi felt\u00e9teleket, m\u00e9g abban az esetben is, ha nem regisztr\u00e1lt\",\"breadcrumb\":{\"@id\":\"https:\/\/hanse.hu\/en\/legal-disclaimer\/#breadcrumb\"},\"inLanguage\":\"en-US\",\"potentialAction\":[{\"@type\":\"ReadAction\",\"target\":[\"https:\/\/hanse.hu\/en\/legal-disclaimer\/\"]}]},{\"@type\":\"BreadcrumbList\",\"@id\":\"https:\/\/hanse.hu\/en\/legal-disclaimer\/#breadcrumb\",\"itemListElement\":[{\"@type\":\"ListItem\",\"position\":1,\"name\":\"Home\",\"item\":\"https:\/\/hanse.hu\/en\/\"},{\"@type\":\"ListItem\",\"position\":2,\"name\":\"Legal Disclaimer\"}]},{\"@type\":\"WebSite\",\"@id\":\"https:\/\/hanse.hu\/en\/#website\",\"url\":\"https:\/\/hanse.hu\/en\/\",\"name\":\"Hanse\",\"description\":\"Boats\",\"publisher\":{\"@id\":\"https:\/\/hanse.hu\/en\/#organization\"},\"potentialAction\":[{\"@type\":\"SearchAction\",\"target\":{\"@type\":\"EntryPoint\",\"urlTemplate\":\"https:\/\/hanse.hu\/en\/?s={search_term_string}\"},\"query-input\":\"required name=search_term_string\"}],\"inLanguage\":\"en-US\"},{\"@type\":\"Organization\",\"@id\":\"https:\/\/hanse.hu\/en\/#organization\",\"name\":\"Hanse\",\"url\":\"https:\/\/hanse.hu\/en\/\",\"logo\":{\"@type\":\"ImageObject\",\"inLanguage\":\"en-US\",\"@id\":\"https:\/\/hanse.hu\/en\/#\/schema\/logo\/image\/\",\"url\":\"https:\/\/hanse.hu\/uploads\/2022\/11\/hanse_tile.png\",\"contentUrl\":\"https:\/\/hanse.hu\/uploads\/2022\/11\/hanse_tile.png\",\"width\":292,\"height\":150,\"caption\":\"Hanse\"},\"image\":{\"@id\":\"https:\/\/hanse.hu\/en\/#\/schema\/logo\/image\/\"},\"sameAs\":[\"https:\/\/www.facebook.com\/HanseHungaria\",\"https:\/\/twitter.com\/HanseYachts\"]}]}<\/script>\n<!-- \/ Yoast SEO plugin. -->","yoast_head_json":{"title":"Legal Disclaimer - Hanse","description":"Azzal, hogy bel\u00e9p a hansehungaria.hu (hanse.hu, hanseyachts.hu) oldalra elfogadja az al\u00e1bbi felt\u00e9teleket, m\u00e9g abban az esetben is, ha nem regisztr\u00e1lt","robots":{"index":"index","follow":"follow","max-snippet":"max-snippet:-1","max-image-preview":"max-image-preview:large","max-video-preview":"max-video-preview:-1"},"canonical":"https:\/\/hanse.hu\/en\/legal-disclaimer\/","og_locale":"en_US","og_type":"article","og_title":"Legal Disclaimer - Hanse","og_description":"Azzal, hogy bel\u00e9p a hansehungaria.hu (hanse.hu, hanseyachts.hu) oldalra elfogadja az al\u00e1bbi felt\u00e9teleket, m\u00e9g abban az esetben is, ha nem regisztr\u00e1lt","og_url":"https:\/\/hanse.hu\/en\/legal-disclaimer\/","og_site_name":"Hanse","article_publisher":"https:\/\/www.facebook.com\/HanseHungaria","article_modified_time":"2022-11-28T10:03:05+00:00","og_image":[{"width":1200,"height":600,"url":"https:\/\/hanse.hu\/uploads\/2023\/06\/Hanse_fb_share-1.jpg","type":"image\/jpeg"}],"twitter_card":"summary_large_image","twitter_site":"@HanseYachts","twitter_misc":{"Est. reading time":"2 minutes"},"schema":{"@context":"https:\/\/schema.org","@graph":[{"@type":"WebPage","@id":"https:\/\/hanse.hu\/en\/legal-disclaimer\/","url":"https:\/\/hanse.hu\/en\/legal-disclaimer\/","name":"Legal Disclaimer - Hanse","isPartOf":{"@id":"https:\/\/hanse.hu\/en\/#website"},"datePublished":"2022-11-18T15:54:12+00:00","dateModified":"2022-11-28T10:03:05+00:00","description":"Azzal, hogy bel\u00e9p a hansehungaria.hu (hanse.hu, hanseyachts.hu) oldalra elfogadja az al\u00e1bbi felt\u00e9teleket, m\u00e9g abban az esetben is, ha nem regisztr\u00e1lt","breadcrumb":{"@id":"https:\/\/hanse.hu\/en\/legal-disclaimer\/#breadcrumb"},"inLanguage":"en-US","potentialAction":[{"@type":"ReadAction","target":["https:\/\/hanse.hu\/en\/legal-disclaimer\/"]}]},{"@type":"BreadcrumbList","@id":"https:\/\/hanse.hu\/en\/legal-disclaimer\/#breadcrumb","itemListElement":[{"@type":"ListItem","position":1,"name":"Home","item":"https:\/\/hanse.hu\/en\/"},{"@type":"ListItem","position":2,"name":"Legal Disclaimer"}]},{"@type":"WebSite","@id":"https:\/\/hanse.hu\/en\/#website","url":"https:\/\/hanse.hu\/en\/","name":"Hanse","description":"Boats","publisher":{"@id":"https:\/\/hanse.hu\/en\/#organization"},"potentialAction":[{"@type":"SearchAction","target":{"@type":"EntryPoint","urlTemplate":"https:\/\/hanse.hu\/en\/?s={search_term_string}"},"query-input":"required name=search_term_string"}],"inLanguage":"en-US"},{"@type":"Organization","@id":"https:\/\/hanse.hu\/en\/#organization","name":"Hanse","url":"https:\/\/hanse.hu\/en\/","logo":{"@type":"ImageObject","inLanguage":"en-US","@id":"https:\/\/hanse.hu\/en\/#\/schema\/logo\/image\/","url":"https:\/\/hanse.hu\/uploads\/2022\/11\/hanse_tile.png","contentUrl":"https:\/\/hanse.hu\/uploads\/2022\/11\/hanse_tile.png","width":292,"height":150,"caption":"Hanse"},"image":{"@id":"https:\/\/hanse.hu\/en\/#\/schema\/logo\/image\/"},"sameAs":["https:\/\/www.facebook.com\/HanseHungaria","https:\/\/twitter.com\/HanseYachts"]}]}},"_links":{"self":[{"href":"https:\/\/hanse.hu\/en\/wp-json\/wp\/v2\/pages\/906","targetHints":{"allow":["GET"]}}],"collection":[{"href":"https:\/\/hanse.hu\/en\/wp-json\/wp\/v2\/pages"}],"about":[{"href":"https:\/\/hanse.hu\/en\/wp-json\/wp\/v2\/types\/page"}],"author":[{"embeddable":true,"href":"https:\/\/hanse.hu\/en\/wp-json\/wp\/v2\/users\/1"}],"replies":[{"embeddable":true,"href":"https:\/\/hanse.hu\/en\/wp-json\/wp\/v2\/comments?post=906"}],"version-history":[{"count":1,"href":"https:\/\/hanse.hu\/en\/wp-json\/wp\/v2\/pages\/906\/revisions"}],"predecessor-version":[{"id":907,"href":"https:\/\/hanse.hu\/en\/wp-json\/wp\/v2\/pages\/906\/revisions\/907"}],"wp:attachment":[{"href":"https:\/\/hanse.hu\/en\/wp-json\/wp\/v2\/media?parent=906"}],"curies":[{"name":"wp","href":"https:\/\/api.w.org\/{rel}","templated":true}]}}